{"id":95,"date":"2014-07-24T06:59:56","date_gmt":"2014-07-24T06:59:56","guid":{"rendered":"http:\/\/hipnotyka.com\/president\/?page_id=95"},"modified":"2015-12-16T12:24:21","modified_gmt":"2015-12-16T12:24:21","slug":"home-3","status":"publish","type":"page","link":"http:\/\/presi-dent.ee\/fi\/","title":{"rendered":"Home"},"content":{"rendered":"<div class=\"first_box\"><div class=\"content\"><div class=\"img\"><img loading=\"lazy\" alt=\"img1\" class=\"alignnone size-full wp-image-15\" height=\"497\" src=\"http:\/\/presi-dent.ee\/wp-content\/uploads\/2014\/07\/MG_0836-copy1s.jpg\" width=\"1101\" \/><p>&nbsp;<\/p><div class=\"text\"><div class=\"t1\">Holistinen hammashoito yhdistettyn\u00e4 nykyaikaisten laitteiden k\u00e4ytt\u00f6\u00f6n tuo kauniin hymyn huulillesi<\/div><div class=\"button\"><a class=\"fancybox\" href=\"#contact_form_pop\" rel=\"nofollow\" target=\"_blank\">Varaa aika t&auml;st&auml;<\/a><\/div><div class=\"fancybox-hidden\" style=\"display:none\"><div id=\"contact_form_pop\"><div role=\"form\" class=\"wpcf7\" id=\"wpcf7-f393-o1\" lang=\"en-US\" dir=\"ltr\">\n<div class=\"screen-reader-response\"><p role=\"status\" aria-live=\"polite\" aria-atomic=\"true\"><\/p> <ul><\/ul><\/div>\n<form action=\"\/fi\/wp-json\/wp\/v2\/pages\/95#wpcf7-f393-o1\" method=\"post\" class=\"wpcf7-form init\" novalidate=\"novalidate\" data-status=\"init\">\n<div style=\"display: none;\">\n<input type=\"hidden\" name=\"_wpcf7\" value=\"393\" \/>\n<input type=\"hidden\" name=\"_wpcf7_version\" value=\"5.5.6\" \/>\n<input type=\"hidden\" name=\"_wpcf7_locale\" value=\"en_US\" \/>\n<input type=\"hidden\" name=\"_wpcf7_unit_tag\" value=\"wpcf7-f393-o1\" \/>\n<input type=\"hidden\" name=\"_wpcf7_container_post\" value=\"0\" \/>\n<input type=\"hidden\" name=\"_wpcf7_posted_data_hash\" value=\"\" \/>\n<\/div>\n<p><span class=\"wpcf7-form-control-wrap your-name\"><input type=\"text\" name=\"your-name\" value=\"\" size=\"40\" class=\"wpcf7-form-control wpcf7-text wpcf7-validates-as-required\" aria-required=\"true\" aria-invalid=\"false\" placeholder=\"Nimi\" \/><\/span><\/p>\n<p><span class=\"wpcf7-form-control-wrap your-email\"><input type=\"email\" name=\"your-email\" value=\"\" size=\"40\" class=\"wpcf7-form-control wpcf7-text wpcf7-email wpcf7-validates-as-required wpcf7-validates-as-email\" aria-required=\"true\" aria-invalid=\"false\" placeholder=\"E-mail\" \/><\/span><\/p>\n<p><span class=\"wpcf7-form-control-wrap phone\"><input type=\"tel\" name=\"phone\" value=\"\" size=\"40\" class=\"wpcf7-form-control wpcf7-text wpcf7-tel wpcf7-validates-as-required wpcf7-validates-as-tel\" aria-required=\"true\" aria-invalid=\"false\" placeholder=\"Puhelin\" \/><\/span><\/p>\n<p><span class=\"wpcf7-form-control-wrap your-message\"><textarea name=\"your-message\" cols=\"40\" rows=\"10\" class=\"wpcf7-form-control wpcf7-textarea\" aria-invalid=\"false\" placeholder=\"Viesti\"><\/textarea><\/span><\/p>\n<p class=\"quiz\">\n<span class=\"wpcf7-form-control-wrap quiz-129\"><label><span class=\"wpcf7-quiz-label\">6+1=?<\/span> <input type=\"text\" name=\"quiz-129\" size=\"40\" class=\"wpcf7-form-control wpcf7-quiz\" autocomplete=\"off\" aria-required=\"true\" aria-invalid=\"false\" \/><\/label><input type=\"hidden\" name=\"_wpcf7_quiz_answer_quiz-129\" value=\"1c5904d5c7340df189a5f1c4432fd46a\" \/><\/span>\n<\/p>\n<p><input type=\"submit\" value=\"L\u00e4hett\u00e4\u00e4\" class=\"wpcf7-form-control has-spinner wpcf7-submit\" \/><\/p>\n<p style=\"display: none !important;\" class=\"akismet-fields-container\" data-prefix=\"_wpcf7_ak_\"><label>&#916;<textarea name=\"_wpcf7_ak_hp_textarea\" cols=\"45\" rows=\"8\" maxlength=\"100\"><\/textarea><\/label><input type=\"hidden\" id=\"ak_js_1\" name=\"_wpcf7_ak_js\" value=\"202\"\/><script>document.getElementById( \"ak_js_1\" ).setAttribute( \"value\", ( new Date() ).getTime() );<\/script><\/p><div class=\"wpcf7-response-output\" aria-hidden=\"true\"><\/div><\/form><\/div><\/div><\/div><\/div><\/div><\/div><\/div><div class=\"second_box\"><div class=\"content\"><div class=\"img\"><img loading=\"lazy\" alt=\"_MG_0836 copy(1s)\" class=\"alignnone size-large wp-image-495\" height=\"682\" src=\"http:\/\/presi-dent.ee\/wp-content\/uploads\/2014\/07\/img2.png\" width=\"1024\" \/><p>&nbsp;<\/p><div class=\"btn1\"><a href=\"implantoloogia\/\">Implantaatio<\/a><\/div><div class=\"btn2\"><a href=\"digital-dentistry-2\/\">Digitaalinen hammashoito<\/a><\/div><div class=\"btn3\"><a href=\"protetiikka\/\">Protetiikka<\/a><\/div><div class=\"btn4\"><a href=\"teeth-whitening-3\/\">Hampaiden valkaisu<\/a><\/div><\/div><\/div><\/div>","protected":false},"excerpt":{"rendered":"<p>&nbsp;Holistinen hammashoito yhdistettyn\u00e4 nykyaikaisten laitteiden k\u00e4ytt\u00f6\u00f6n tuo kauniin hymyn huulillesiVaraa aika t&auml;st&auml;&nbsp;ImplantaatioDigitaalinen hammashoitoProtetiikkaHampaiden valkaisu<\/p>\n","protected":false},"author":1,"featured_media":0,"parent":0,"menu_order":0,"comment_status":"closed","ping_status":"closed","template":"","meta":[],"yoast_head":"<!-- This site is optimized with the Yoast SEO plugin v18.4.1 - https:\/\/yoast.com\/wordpress\/plugins\/seo\/ -->\n<title>Home -<\/title>\n<meta name=\"robots\" content=\"index, follow, max-snippet:-1, max-image-preview:large, max-video-preview:-1\" \/>\n<link rel=\"canonical\" href=\"https:\/\/presi-dent.ee\/fi\/\" \/>\n<meta property=\"og:locale\" content=\"fi_FI\" \/>\n<meta property=\"og:type\" content=\"article\" \/>\n<meta property=\"og:title\" content=\"Home -\" \/>\n<meta property=\"og:description\" content=\"&nbsp;Holistinen hammashoito yhdistettyn\u00e4 nykyaikaisten laitteiden k\u00e4ytt\u00f6\u00f6n tuo kauniin hymyn huulillesiVaraa aika t&auml;st&auml;&nbsp;ImplantaatioDigitaalinen hammashoitoProtetiikkaHampaiden valkaisu\" \/>\n<meta property=\"og:url\" content=\"https:\/\/presi-dent.ee\/fi\/\" \/>\n<meta property=\"article:modified_time\" content=\"2015-12-16T12:24:21+00:00\" \/>\n<meta property=\"og:image\" content=\"http:\/\/presi-dent.ee\/wp-content\/uploads\/2014\/07\/MG_0836-copy1s.jpg\" \/>\n<script type=\"application\/ld+json\" class=\"yoast-schema-graph\">{\"@context\":\"https:\/\/schema.org\",\"@graph\":[{\"@type\":\"WebSite\",\"@id\":\"https:\/\/presi-dent.ee\/#website\",\"url\":\"https:\/\/presi-dent.ee\/\",\"name\":\"\",\"description\":\"\",\"potentialAction\":[{\"@type\":\"SearchAction\",\"target\":{\"@type\":\"EntryPoint\",\"urlTemplate\":\"https:\/\/presi-dent.ee\/?s={search_term_string}\"},\"query-input\":\"required name=search_term_string\"}],\"inLanguage\":\"fi\"},{\"@type\":\"ImageObject\",\"@id\":\"https:\/\/presi-dent.ee\/fi\/#primaryimage\",\"inLanguage\":\"fi\",\"url\":\"http:\/\/presi-dent.ee\/wp-content\/uploads\/2014\/07\/MG_0836-copy1s.jpg\",\"contentUrl\":\"http:\/\/presi-dent.ee\/wp-content\/uploads\/2014\/07\/MG_0836-copy1s.jpg\",\"width\":1920,\"height\":1280},{\"@type\":\"WebPage\",\"@id\":\"https:\/\/presi-dent.ee\/fi\/#webpage\",\"url\":\"https:\/\/presi-dent.ee\/fi\/\",\"name\":\"Home -\",\"isPartOf\":{\"@id\":\"https:\/\/presi-dent.ee\/#website\"},\"primaryImageOfPage\":{\"@id\":\"https:\/\/presi-dent.ee\/fi\/#primaryimage\"},\"datePublished\":\"2014-07-24T06:59:56+00:00\",\"dateModified\":\"2015-12-16T12:24:21+00:00\",\"breadcrumb\":{\"@id\":\"https:\/\/presi-dent.ee\/fi\/#breadcrumb\"},\"inLanguage\":\"fi\",\"potentialAction\":[{\"@type\":\"ReadAction\",\"target\":[\"https:\/\/presi-dent.ee\/fi\/\"]}]},{\"@type\":\"BreadcrumbList\",\"@id\":\"https:\/\/presi-dent.ee\/fi\/#breadcrumb\",\"itemListElement\":[{\"@type\":\"ListItem\",\"position\":1,\"name\":\"Home\",\"item\":\"https:\/\/presi-dent.ee\/fi\/\"},{\"@type\":\"ListItem\",\"position\":2,\"name\":\"Home\"}]}]}<\/script>\n<!-- \/ Yoast SEO plugin. -->","yoast_head_json":{"title":"Home -","robots":{"index":"index","follow":"follow","max-snippet":"max-snippet:-1","max-image-preview":"max-image-preview:large","max-video-preview":"max-video-preview:-1"},"canonical":"https:\/\/presi-dent.ee\/fi\/","og_locale":"fi_FI","og_type":"article","og_title":"Home -","og_description":"&nbsp;Holistinen hammashoito yhdistettyn\u00e4 nykyaikaisten laitteiden k\u00e4ytt\u00f6\u00f6n tuo kauniin hymyn huulillesiVaraa aika t&auml;st&auml;&nbsp;ImplantaatioDigitaalinen hammashoitoProtetiikkaHampaiden valkaisu","og_url":"https:\/\/presi-dent.ee\/fi\/","article_modified_time":"2015-12-16T12:24:21+00:00","og_image":[{"url":"http:\/\/presi-dent.ee\/wp-content\/uploads\/2014\/07\/MG_0836-copy1s.jpg"}],"schema":{"@context":"https:\/\/schema.org","@graph":[{"@type":"WebSite","@id":"https:\/\/presi-dent.ee\/#website","url":"https:\/\/presi-dent.ee\/","name":"","description":"","potentialAction":[{"@type":"SearchAction","target":{"@type":"EntryPoint","urlTemplate":"https:\/\/presi-dent.ee\/?s={search_term_string}"},"query-input":"required name=search_term_string"}],"inLanguage":"fi"},{"@type":"ImageObject","@id":"https:\/\/presi-dent.ee\/fi\/#primaryimage","inLanguage":"fi","url":"http:\/\/presi-dent.ee\/wp-content\/uploads\/2014\/07\/MG_0836-copy1s.jpg","contentUrl":"http:\/\/presi-dent.ee\/wp-content\/uploads\/2014\/07\/MG_0836-copy1s.jpg","width":1920,"height":1280},{"@type":"WebPage","@id":"https:\/\/presi-dent.ee\/fi\/#webpage","url":"https:\/\/presi-dent.ee\/fi\/","name":"Home -","isPartOf":{"@id":"https:\/\/presi-dent.ee\/#website"},"primaryImageOfPage":{"@id":"https:\/\/presi-dent.ee\/fi\/#primaryimage"},"datePublished":"2014-07-24T06:59:56+00:00","dateModified":"2015-12-16T12:24:21+00:00","breadcrumb":{"@id":"https:\/\/presi-dent.ee\/fi\/#breadcrumb"},"inLanguage":"fi","potentialAction":[{"@type":"ReadAction","target":["https:\/\/presi-dent.ee\/fi\/"]}]},{"@type":"BreadcrumbList","@id":"https:\/\/presi-dent.ee\/fi\/#breadcrumb","itemListElement":[{"@type":"ListItem","position":1,"name":"Home","item":"https:\/\/presi-dent.ee\/fi\/"},{"@type":"ListItem","position":2,"name":"Home"}]}]}},"_links":{"self":[{"href":"http:\/\/presi-dent.ee\/fi\/wp-json\/wp\/v2\/pages\/95"}],"collection":[{"href":"http:\/\/presi-dent.ee\/fi\/wp-json\/wp\/v2\/pages"}],"about":[{"href":"http:\/\/presi-dent.ee\/fi\/wp-json\/wp\/v2\/types\/page"}],"author":[{"embeddable":true,"href":"http:\/\/presi-dent.ee\/fi\/wp-json\/wp\/v2\/users\/1"}],"replies":[{"embeddable":true,"href":"http:\/\/presi-dent.ee\/fi\/wp-json\/wp\/v2\/comments?post=95"}],"version-history":[{"count":5,"href":"http:\/\/presi-dent.ee\/fi\/wp-json\/wp\/v2\/pages\/95\/revisions"}],"predecessor-version":[{"id":903,"href":"http:\/\/presi-dent.ee\/fi\/wp-json\/wp\/v2\/pages\/95\/revisions\/903"}],"wp:attachment":[{"href":"http:\/\/presi-dent.ee\/fi\/wp-json\/wp\/v2\/media?parent=95"}],"curies":[{"name":"wp","href":"https:\/\/api.w.org\/{rel}","templated":true}]}}