{"id":73,"date":"2014-07-23T13:53:39","date_gmt":"2014-07-23T13:53:39","guid":{"rendered":"http:\/\/hipnotyka.com\/president\/?page_id=73"},"modified":"2014-09-05T09:39:17","modified_gmt":"2014-09-05T09:39:17","slug":"contact","status":"publish","type":"page","link":"http:\/\/presi-dent.ee\/fi\/contact\/","title":{"rendered":"Contact"},"content":{"rendered":"<div class=\"uk-grid\">\r\n<div class=\"uk-width-1-3\">\r\n<div class=\"uk-panel\"><div role=\"form\" class=\"wpcf7\" id=\"wpcf7-f621-o1\" lang=\"en-US\" dir=\"ltr\">\n<div class=\"screen-reader-response\"><p role=\"status\" aria-live=\"polite\" aria-atomic=\"true\"><\/p> <ul><\/ul><\/div>\n<form action=\"\/fi\/wp-json\/wp\/v2\/pages\/73#wpcf7-f621-o1\" method=\"post\" class=\"wpcf7-form init\" novalidate=\"novalidate\" data-status=\"init\">\n<div style=\"display: none;\">\n<input type=\"hidden\" name=\"_wpcf7\" value=\"621\" \/>\n<input type=\"hidden\" name=\"_wpcf7_version\" value=\"5.5.6\" \/>\n<input type=\"hidden\" name=\"_wpcf7_locale\" value=\"en_US\" \/>\n<input type=\"hidden\" name=\"_wpcf7_unit_tag\" value=\"wpcf7-f621-o1\" \/>\n<input type=\"hidden\" name=\"_wpcf7_container_post\" value=\"0\" \/>\n<input type=\"hidden\" name=\"_wpcf7_posted_data_hash\" value=\"\" \/>\n<\/div>\n<p><span class=\"wpcf7-form-control-wrap your-name\"><input type=\"text\" name=\"your-name\" value=\"\" size=\"40\" class=\"wpcf7-form-control wpcf7-text wpcf7-validates-as-required\" aria-required=\"true\" aria-invalid=\"false\" placeholder=\"Nimi\" \/><\/span><\/p>\n<p><span class=\"wpcf7-form-control-wrap your-email\"><input type=\"email\" name=\"your-email\" value=\"\" size=\"40\" class=\"wpcf7-form-control wpcf7-text wpcf7-email wpcf7-validates-as-required wpcf7-validates-as-email\" aria-required=\"true\" aria-invalid=\"false\" placeholder=\"E-mail\" \/><\/span><\/p>\n<p><span class=\"wpcf7-form-control-wrap phone\"><input type=\"text\" name=\"phone\" value=\"\" size=\"40\" class=\"wpcf7-form-control wpcf7-text\" aria-invalid=\"false\" placeholder=\"Puhelin\" \/><\/span><\/p>\n<p><span class=\"wpcf7-form-control-wrap your-message\"><textarea name=\"your-message\" cols=\"40\" rows=\"10\" class=\"wpcf7-form-control wpcf7-textarea\" aria-invalid=\"false\" placeholder=\"Viesti\"><\/textarea><\/span><\/p>\n<p class=\"quiz\">\n<span class=\"wpcf7-form-control-wrap quiz-129\"><label><span class=\"wpcf7-quiz-label\">9-5=?<\/span> <input type=\"text\" name=\"quiz-129\" size=\"40\" class=\"wpcf7-form-control wpcf7-quiz\" autocomplete=\"off\" aria-required=\"true\" aria-invalid=\"false\" \/><\/label><input type=\"hidden\" name=\"_wpcf7_quiz_answer_quiz-129\" value=\"fb4d893bc144a32a9b9cf2584792e013\" \/><\/span>\n<\/p>\n<p><input type=\"submit\" value=\"L\u00e4hett\u00e4\u00e4\" class=\"wpcf7-form-control has-spinner wpcf7-submit\" \/><\/p>\n<p style=\"display: none !important;\" class=\"akismet-fields-container\" data-prefix=\"_wpcf7_ak_\"><label>&#916;<textarea name=\"_wpcf7_ak_hp_textarea\" cols=\"45\" rows=\"8\" maxlength=\"100\"><\/textarea><\/label><input type=\"hidden\" id=\"ak_js_1\" name=\"_wpcf7_ak_js\" value=\"235\"\/><script>document.getElementById( \"ak_js_1\" ).setAttribute( \"value\", ( new Date() ).getTime() );<\/script><\/p><div class=\"wpcf7-response-output\" aria-hidden=\"true\"><\/div><\/form><\/div><\/div>\r\n<\/div>\r\n<div class=\"uk-width-2-3\">\r\n<div class=\"uk-panel\">\n<iframe width='722' height='400' style='border: 0px solid #000000' src='https:\/\/www.google.com\/maps?q=PresiDent Hambaravi O\u00dc, J. Vilmsi, Tallinn, Estonia&z=14&t=m&output=embed'><\/iframe>\n<\/div>\r\n<\/div>\r\n<\/div>","protected":false},"excerpt":{"rendered":"","protected":false},"author":1,"featured_media":0,"parent":0,"menu_order":0,"comment_status":"open","ping_status":"open","template":"","meta":[],"yoast_head":"<!-- This site is optimized with the Yoast SEO plugin v18.4.1 - https:\/\/yoast.com\/wordpress\/plugins\/seo\/ -->\n<title>Contact -<\/title>\n<meta name=\"robots\" content=\"index, follow, max-snippet:-1, max-image-preview:large, max-video-preview:-1\" \/>\n<link rel=\"canonical\" href=\"http:\/\/presi-dent.ee\/fi\/contact\/\" \/>\n<meta property=\"og:locale\" content=\"fi_FI\" \/>\n<meta property=\"og:type\" content=\"article\" \/>\n<meta property=\"og:title\" content=\"Contact -\" \/>\n<meta property=\"og:url\" content=\"http:\/\/presi-dent.ee\/fi\/contact\/\" \/>\n<meta property=\"article:modified_time\" content=\"2014-09-05T09:39:17+00:00\" \/>\n<script type=\"application\/ld+json\" class=\"yoast-schema-graph\">{\"@context\":\"https:\/\/schema.org\",\"@graph\":[{\"@type\":\"WebSite\",\"@id\":\"https:\/\/presi-dent.ee\/#website\",\"url\":\"https:\/\/presi-dent.ee\/\",\"name\":\"\",\"description\":\"\",\"potentialAction\":[{\"@type\":\"SearchAction\",\"target\":{\"@type\":\"EntryPoint\",\"urlTemplate\":\"https:\/\/presi-dent.ee\/?s={search_term_string}\"},\"query-input\":\"required name=search_term_string\"}],\"inLanguage\":\"fi\"},{\"@type\":\"WebPage\",\"@id\":\"http:\/\/presi-dent.ee\/fi\/contact\/#webpage\",\"url\":\"http:\/\/presi-dent.ee\/fi\/contact\/\",\"name\":\"Contact -\",\"isPartOf\":{\"@id\":\"https:\/\/presi-dent.ee\/#website\"},\"datePublished\":\"2014-07-23T13:53:39+00:00\",\"dateModified\":\"2014-09-05T09:39:17+00:00\",\"breadcrumb\":{\"@id\":\"http:\/\/presi-dent.ee\/fi\/contact\/#breadcrumb\"},\"inLanguage\":\"fi\",\"potentialAction\":[{\"@type\":\"ReadAction\",\"target\":[\"http:\/\/presi-dent.ee\/fi\/contact\/\"]}]},{\"@type\":\"BreadcrumbList\",\"@id\":\"http:\/\/presi-dent.ee\/fi\/contact\/#breadcrumb\",\"itemListElement\":[{\"@type\":\"ListItem\",\"position\":1,\"name\":\"Home\",\"item\":\"https:\/\/presi-dent.ee\/fi\/\"},{\"@type\":\"ListItem\",\"position\":2,\"name\":\"Contact\"}]}]}<\/script>\n<!-- \/ Yoast SEO plugin. -->","yoast_head_json":{"title":"Contact -","robots":{"index":"index","follow":"follow","max-snippet":"max-snippet:-1","max-image-preview":"max-image-preview:large","max-video-preview":"max-video-preview:-1"},"canonical":"http:\/\/presi-dent.ee\/fi\/contact\/","og_locale":"fi_FI","og_type":"article","og_title":"Contact -","og_url":"http:\/\/presi-dent.ee\/fi\/contact\/","article_modified_time":"2014-09-05T09:39:17+00:00","schema":{"@context":"https:\/\/schema.org","@graph":[{"@type":"WebSite","@id":"https:\/\/presi-dent.ee\/#website","url":"https:\/\/presi-dent.ee\/","name":"","description":"","potentialAction":[{"@type":"SearchAction","target":{"@type":"EntryPoint","urlTemplate":"https:\/\/presi-dent.ee\/?s={search_term_string}"},"query-input":"required name=search_term_string"}],"inLanguage":"fi"},{"@type":"WebPage","@id":"http:\/\/presi-dent.ee\/fi\/contact\/#webpage","url":"http:\/\/presi-dent.ee\/fi\/contact\/","name":"Contact -","isPartOf":{"@id":"https:\/\/presi-dent.ee\/#website"},"datePublished":"2014-07-23T13:53:39+00:00","dateModified":"2014-09-05T09:39:17+00:00","breadcrumb":{"@id":"http:\/\/presi-dent.ee\/fi\/contact\/#breadcrumb"},"inLanguage":"fi","potentialAction":[{"@type":"ReadAction","target":["http:\/\/presi-dent.ee\/fi\/contact\/"]}]},{"@type":"BreadcrumbList","@id":"http:\/\/presi-dent.ee\/fi\/contact\/#breadcrumb","itemListElement":[{"@type":"ListItem","position":1,"name":"Home","item":"https:\/\/presi-dent.ee\/fi\/"},{"@type":"ListItem","position":2,"name":"Contact"}]}]}},"_links":{"self":[{"href":"http:\/\/presi-dent.ee\/fi\/wp-json\/wp\/v2\/pages\/73"}],"collection":[{"href":"http:\/\/presi-dent.ee\/fi\/wp-json\/wp\/v2\/pages"}],"about":[{"href":"http:\/\/presi-dent.ee\/fi\/wp-json\/wp\/v2\/types\/page"}],"author":[{"embeddable":true,"href":"http:\/\/presi-dent.ee\/fi\/wp-json\/wp\/v2\/users\/1"}],"replies":[{"embeddable":true,"href":"http:\/\/presi-dent.ee\/fi\/wp-json\/wp\/v2\/comments?post=73"}],"version-history":[{"count":5,"href":"http:\/\/presi-dent.ee\/fi\/wp-json\/wp\/v2\/pages\/73\/revisions"}],"predecessor-version":[{"id":622,"href":"http:\/\/presi-dent.ee\/fi\/wp-json\/wp\/v2\/pages\/73\/revisions\/622"}],"wp:attachment":[{"href":"http:\/\/presi-dent.ee\/fi\/wp-json\/wp\/v2\/media?parent=73"}],"curies":[{"name":"wp","href":"https:\/\/api.w.org\/{rel}","templated":true}]}}