{"id":67,"date":"2014-07-24T06:47:24","date_gmt":"2014-07-24T06:47:24","guid":{"rendered":"http:\/\/hipnotyka.com\/president\/?page_id=67"},"modified":"2014-11-27T10:36:03","modified_gmt":"2014-11-27T10:36:03","slug":"our-clinic-4","status":"publish","type":"page","link":"http:\/\/presi-dent.ee\/fi\/our-clinic-4\/","title":{"rendered":"Klinikasta"},"content":{"rendered":"<p>PresiDentti Hammashoito on pieni ja mukava klinikka Tallinnan keskustassa. Olemme tehneet ty\u00f6t\u00e4mme huolella ja rakkaudella jo 20 vuotta. Olemme innovatiivisia ja k\u00e4yt\u00e4mme ty\u00f6ss\u00e4mme nykyaikaista teknologiaa.<\/p><p> Tule katsomaan! Klinikka on avoinna ma-pe 9.00\u201217.00<\/p><p style=\"text-align: center;\"><a href=\"http:\/\/presi-dent.ee\/wp-content\/uploads\/2014\/07\/imgs1.jpg\"><img loading=\"lazy\" alt=\"pilt kliinikus&lt;br \/&gt;\r\nt 1\" class=\"alignnone size-medium wp-image-632\" height=\"166\" src=\"http:\/\/presi-dent.ee\/wp-content\/uploads\/2014\/07\/imgs1-250x166.jpg\" width=\"250\" srcset=\"http:\/\/presi-dent.ee\/wp-content\/uploads\/2014\/07\/imgs1-250x166.jpg 250w, http:\/\/presi-dent.ee\/wp-content\/uploads\/2014\/07\/imgs1-1024x682.jpg 1024w, http:\/\/presi-dent.ee\/wp-content\/uploads\/2014\/07\/imgs1.jpg 1468w\" sizes=\"(max-width: 250px) 100vw, 250px\" \/><\/a> <a href=\"http:\/\/presi-dent.ee\/president\/wp-content\/uploads\/2014\/07\/assistendid.jpg\"><img loading=\"lazy\" alt=\"pilt kliinikus&lt;br \/&gt;\r\nt 2\" class=\"alignnone size-medium wp-image-252\" height=\"166\" src=\"http:\/\/presi-dent.ee\/wp-content\/uploads\/2014\/07\/assistendid-300x200.jpg\" width=\"250\" srcset=\"http:\/\/presi-dent.ee\/wp-content\/uploads\/2014\/07\/assistendid-300x200.jpg 300w, http:\/\/presi-dent.ee\/wp-content\/uploads\/2014\/07\/assistendid-1024x682.jpg 1024w\" sizes=\"(max-width: 250px) 100vw, 250px\" \/><\/a> <a href=\"http:\/\/presi-dent.ee\/wp-content\/uploads\/2014\/07\/imgs2.jpg\"><img loading=\"lazy\" alt=\"pilt kliinikus&lt;br \/&gt;\r\nt 3\" class=\"alignnone size-medium wp-image-631\" height=\"166\" src=\"http:\/\/presi-dent.ee\/wp-content\/uploads\/2014\/07\/imgs2-250x166.jpg\" width=\"250\" srcset=\"http:\/\/presi-dent.ee\/wp-content\/uploads\/2014\/07\/imgs2-250x166.jpg 250w, http:\/\/presi-dent.ee\/wp-content\/uploads\/2014\/07\/imgs2-1024x682.jpg 1024w, http:\/\/presi-dent.ee\/wp-content\/uploads\/2014\/07\/imgs2.jpg 1468w\" sizes=\"(max-width: 250px) 100vw, 250px\" \/><\/a> <a href=\"http:\/\/presi-dent.ee\/wp-content\/uploads\/2014\/07\/MG_0790.jpg\"><img loading=\"lazy\" alt=\"pilt kliinikus&lt;br \/&gt;\r\nt 4\" class=\"alignnone size-medium wp-image-247\" height=\"166\" src=\"http:\/\/presi-dent.ee\/wp-content\/uploads\/2014\/07\/MG_0790-300x200.jpg\" width=\"250\" srcset=\"http:\/\/presi-dent.ee\/wp-content\/uploads\/2014\/07\/MG_0790-300x200.jpg 300w, http:\/\/presi-dent.ee\/wp-content\/uploads\/2014\/07\/MG_0790-1024x682.jpg 1024w\" sizes=\"(max-width: 250px) 100vw, 250px\" \/><\/a> <a href=\"http:\/\/presi-dent.ee\/wp-content\/uploads\/2014\/07\/MG_0770.jpg\"><img loading=\"lazy\" alt=\"pilt kliinikus&lt;br \/&gt;\r\nt 5\" class=\"alignnone size-medium wp-image-246\" height=\"166\" src=\"http:\/\/presi-dent.ee\/wp-content\/uploads\/2014\/07\/MG_0770-300x200.jpg\" width=\"250\" srcset=\"http:\/\/presi-dent.ee\/wp-content\/uploads\/2014\/07\/MG_0770-300x200.jpg 300w, http:\/\/presi-dent.ee\/wp-content\/uploads\/2014\/07\/MG_0770-1024x682.jpg 1024w\" sizes=\"(max-width: 250px) 100vw, 250px\" \/><\/a> <a href=\"http:\/\/presi-dent.ee\/wp-content\/uploads\/2014\/07\/MG_0806-copy.jpg\"><img loading=\"lazy\" alt=\"pilt kliinikus&lt;br \/&gt;\r\nt 6\" class=\"alignnone size-medium wp-image-245\" height=\"166\" src=\"http:\/\/presi-dent.ee\/wp-content\/uploads\/2014\/07\/MG_0806-copy-300x200.jpg\" width=\"250\" srcset=\"http:\/\/presi-dent.ee\/wp-content\/uploads\/2014\/07\/MG_0806-copy-300x200.jpg 300w, http:\/\/presi-dent.ee\/wp-content\/uploads\/2014\/07\/MG_0806-copy-1024x682.jpg 1024w\" sizes=\"(max-width: 250px) 100vw, 250px\" \/><\/a> <a href=\"http:\/\/presi-dent.ee\/wp-content\/uploads\/2014\/07\/Dentist-87.jpg\"><img loading=\"lazy\" alt=\"pilt kliinikus&lt;br \/&gt;\r\nt 7\" class=\"alignnone size-medium wp-image-105\" height=\"166\" src=\"http:\/\/presi-dent.ee\/wp-content\/uploads\/2014\/07\/Dentist-87-300x200.jpg\" width=\"250\" srcset=\"http:\/\/presi-dent.ee\/wp-content\/uploads\/2014\/07\/Dentist-87-300x200.jpg 300w, http:\/\/presi-dent.ee\/wp-content\/uploads\/2014\/07\/Dentist-87-1024x682.jpg 1024w\" sizes=\"(max-width: 250px) 100vw, 250px\" \/><\/a> <a href=\"http:\/\/presi-dent.ee\/wp-content\/uploads\/2014\/07\/MG_0848.jpg\"><img loading=\"lazy\" alt=\"pilt kliinikus&lt;br \/&gt;\r\nt 8\" class=\"alignnone size-medium wp-image-254\" height=\"166\" src=\"http:\/\/presi-dent.ee\/wp-content\/uploads\/2014\/07\/MG_0848-300x200.jpg\" width=\"250\" srcset=\"http:\/\/presi-dent.ee\/wp-content\/uploads\/2014\/07\/MG_0848-300x200.jpg 300w, http:\/\/presi-dent.ee\/wp-content\/uploads\/2014\/07\/MG_0848-1024x682.jpg 1024w\" sizes=\"(max-width: 250px) 100vw, 250px\" \/><\/a><\/p>","protected":false},"excerpt":{"rendered":"<p>PresiDentti Hammashoito on pieni ja mukava klinikka Tallinnan keskustassa. Olemme tehneet ty\u00f6t\u00e4mme huolella ja rakkaudella jo 20 vuotta. Olemme innovatiivisia ja k\u00e4yt\u00e4mme ty\u00f6ss\u00e4mme nykyaikaista teknologiaa. Tule katsomaan! Klinikka on avoinna ma-pe 9.00\u201217.00<\/p>\n","protected":false},"author":1,"featured_media":0,"parent":0,"menu_order":0,"comment_status":"open","ping_status":"open","template":"","meta":[],"yoast_head":"<!-- This site is optimized with the Yoast SEO plugin v18.4.1 - https:\/\/yoast.com\/wordpress\/plugins\/seo\/ -->\n<title>Klinikasta -<\/title>\n<meta name=\"robots\" content=\"index, follow, max-snippet:-1, max-image-preview:large, max-video-preview:-1\" \/>\n<link rel=\"canonical\" href=\"https:\/\/presi-dent.ee\/fi\/our-clinic-4\/\" \/>\n<meta property=\"og:locale\" content=\"fi_FI\" \/>\n<meta property=\"og:type\" content=\"article\" \/>\n<meta property=\"og:title\" content=\"Klinikasta -\" \/>\n<meta property=\"og:description\" content=\"PresiDentti Hammashoito on pieni ja mukava klinikka Tallinnan keskustassa. Olemme tehneet ty\u00f6t\u00e4mme huolella ja rakkaudella jo 20 vuotta. Olemme innovatiivisia ja k\u00e4yt\u00e4mme ty\u00f6ss\u00e4mme nykyaikaista teknologiaa. Tule katsomaan! Klinikka on avoinna ma-pe 9.00\u201217.00\" \/>\n<meta property=\"og:url\" content=\"https:\/\/presi-dent.ee\/fi\/our-clinic-4\/\" \/>\n<meta property=\"article:modified_time\" content=\"2014-11-27T10:36:03+00:00\" \/>\n<meta property=\"og:image\" content=\"http:\/\/presi-dent.ee\/wp-content\/uploads\/2014\/07\/imgs1-250x166.jpg\" \/>\n<script type=\"application\/ld+json\" class=\"yoast-schema-graph\">{\"@context\":\"https:\/\/schema.org\",\"@graph\":[{\"@type\":\"WebSite\",\"@id\":\"https:\/\/presi-dent.ee\/#website\",\"url\":\"https:\/\/presi-dent.ee\/\",\"name\":\"\",\"description\":\"\",\"potentialAction\":[{\"@type\":\"SearchAction\",\"target\":{\"@type\":\"EntryPoint\",\"urlTemplate\":\"https:\/\/presi-dent.ee\/?s={search_term_string}\"},\"query-input\":\"required name=search_term_string\"}],\"inLanguage\":\"fi\"},{\"@type\":\"ImageObject\",\"@id\":\"https:\/\/presi-dent.ee\/fi\/our-clinic-4\/#primaryimage\",\"inLanguage\":\"fi\",\"url\":\"http:\/\/presi-dent.ee\/wp-content\/uploads\/2014\/07\/imgs1.jpg\",\"contentUrl\":\"http:\/\/presi-dent.ee\/wp-content\/uploads\/2014\/07\/imgs1.jpg\",\"width\":1468,\"height\":979},{\"@type\":\"WebPage\",\"@id\":\"https:\/\/presi-dent.ee\/fi\/our-clinic-4\/#webpage\",\"url\":\"https:\/\/presi-dent.ee\/fi\/our-clinic-4\/\",\"name\":\"Klinikasta -\",\"isPartOf\":{\"@id\":\"https:\/\/presi-dent.ee\/#website\"},\"primaryImageOfPage\":{\"@id\":\"https:\/\/presi-dent.ee\/fi\/our-clinic-4\/#primaryimage\"},\"datePublished\":\"2014-07-24T06:47:24+00:00\",\"dateModified\":\"2014-11-27T10:36:03+00:00\",\"breadcrumb\":{\"@id\":\"https:\/\/presi-dent.ee\/fi\/our-clinic-4\/#breadcrumb\"},\"inLanguage\":\"fi\",\"potentialAction\":[{\"@type\":\"ReadAction\",\"target\":[\"https:\/\/presi-dent.ee\/fi\/our-clinic-4\/\"]}]},{\"@type\":\"BreadcrumbList\",\"@id\":\"https:\/\/presi-dent.ee\/fi\/our-clinic-4\/#breadcrumb\",\"itemListElement\":[{\"@type\":\"ListItem\",\"position\":1,\"name\":\"Home\",\"item\":\"https:\/\/presi-dent.ee\/fi\/\"},{\"@type\":\"ListItem\",\"position\":2,\"name\":\"Klinikasta\"}]}]}<\/script>\n<!-- \/ Yoast SEO plugin. -->","yoast_head_json":{"title":"Klinikasta -","robots":{"index":"index","follow":"follow","max-snippet":"max-snippet:-1","max-image-preview":"max-image-preview:large","max-video-preview":"max-video-preview:-1"},"canonical":"https:\/\/presi-dent.ee\/fi\/our-clinic-4\/","og_locale":"fi_FI","og_type":"article","og_title":"Klinikasta -","og_description":"PresiDentti Hammashoito on pieni ja mukava klinikka Tallinnan keskustassa. Olemme tehneet ty\u00f6t\u00e4mme huolella ja rakkaudella jo 20 vuotta. Olemme innovatiivisia ja k\u00e4yt\u00e4mme ty\u00f6ss\u00e4mme nykyaikaista teknologiaa. Tule katsomaan! Klinikka on avoinna ma-pe 9.00\u201217.00","og_url":"https:\/\/presi-dent.ee\/fi\/our-clinic-4\/","article_modified_time":"2014-11-27T10:36:03+00:00","og_image":[{"url":"http:\/\/presi-dent.ee\/wp-content\/uploads\/2014\/07\/imgs1-250x166.jpg"}],"schema":{"@context":"https:\/\/schema.org","@graph":[{"@type":"WebSite","@id":"https:\/\/presi-dent.ee\/#website","url":"https:\/\/presi-dent.ee\/","name":"","description":"","potentialAction":[{"@type":"SearchAction","target":{"@type":"EntryPoint","urlTemplate":"https:\/\/presi-dent.ee\/?s={search_term_string}"},"query-input":"required name=search_term_string"}],"inLanguage":"fi"},{"@type":"ImageObject","@id":"https:\/\/presi-dent.ee\/fi\/our-clinic-4\/#primaryimage","inLanguage":"fi","url":"http:\/\/presi-dent.ee\/wp-content\/uploads\/2014\/07\/imgs1.jpg","contentUrl":"http:\/\/presi-dent.ee\/wp-content\/uploads\/2014\/07\/imgs1.jpg","width":1468,"height":979},{"@type":"WebPage","@id":"https:\/\/presi-dent.ee\/fi\/our-clinic-4\/#webpage","url":"https:\/\/presi-dent.ee\/fi\/our-clinic-4\/","name":"Klinikasta -","isPartOf":{"@id":"https:\/\/presi-dent.ee\/#website"},"primaryImageOfPage":{"@id":"https:\/\/presi-dent.ee\/fi\/our-clinic-4\/#primaryimage"},"datePublished":"2014-07-24T06:47:24+00:00","dateModified":"2014-11-27T10:36:03+00:00","breadcrumb":{"@id":"https:\/\/presi-dent.ee\/fi\/our-clinic-4\/#breadcrumb"},"inLanguage":"fi","potentialAction":[{"@type":"ReadAction","target":["https:\/\/presi-dent.ee\/fi\/our-clinic-4\/"]}]},{"@type":"BreadcrumbList","@id":"https:\/\/presi-dent.ee\/fi\/our-clinic-4\/#breadcrumb","itemListElement":[{"@type":"ListItem","position":1,"name":"Home","item":"https:\/\/presi-dent.ee\/fi\/"},{"@type":"ListItem","position":2,"name":"Klinikasta"}]}]}},"_links":{"self":[{"href":"http:\/\/presi-dent.ee\/fi\/wp-json\/wp\/v2\/pages\/67"}],"collection":[{"href":"http:\/\/presi-dent.ee\/fi\/wp-json\/wp\/v2\/pages"}],"about":[{"href":"http:\/\/presi-dent.ee\/fi\/wp-json\/wp\/v2\/types\/page"}],"author":[{"embeddable":true,"href":"http:\/\/presi-dent.ee\/fi\/wp-json\/wp\/v2\/users\/1"}],"replies":[{"embeddable":true,"href":"http:\/\/presi-dent.ee\/fi\/wp-json\/wp\/v2\/comments?post=67"}],"version-history":[{"count":5,"href":"http:\/\/presi-dent.ee\/fi\/wp-json\/wp\/v2\/pages\/67\/revisions"}],"predecessor-version":[{"id":945,"href":"http:\/\/presi-dent.ee\/fi\/wp-json\/wp\/v2\/pages\/67\/revisions\/945"}],"wp:attachment":[{"href":"http:\/\/presi-dent.ee\/fi\/wp-json\/wp\/v2\/media?parent=67"}],"curies":[{"name":"wp","href":"https:\/\/api.w.org\/{rel}","templated":true}]}}