{"id":55,"date":"2014-07-24T06:43:55","date_gmt":"2014-07-24T06:43:55","guid":{"rendered":"http:\/\/hipnotyka.com\/president\/?page_id=55"},"modified":"2026-02-12T11:15:26","modified_gmt":"2026-02-12T11:15:26","slug":"pricing","status":"publish","type":"page","link":"http:\/\/presi-dent.ee\/fi\/pricing\/","title":{"rendered":"Hinnasto"},"content":{"rendered":"<h2>Hinnasto<\/h2>\nAlennukset lapsille, opiskelijoille ja el\u00e4kel\u00e4isille\n<div class=\"uk-grid\">\n<div class=\"uk-width-1-2\">\n<table class=\"tableizer-table\">\n<tbody>\n<tr class=\"tableizer-firstrow\">\n<th colspan=\"2\"><span style=\"color: #ffffff;\">Yleiset<\/span><\/th>\n<\/tr>\n<tr>\n<td>Konsultaatio<\/td>\n<td>45 \u20ac<\/td>\n<\/tr>\n<tr>\n<td>Kokonaisvaltainen konsultaatio 1 h<\/td>\n<td>111 \u20ac<\/td>\n<\/tr>\n<tr>\n<td>Kirjallinen hoitosuunnitelma<\/td>\n<td>30-50 \u20ac<\/td>\n<\/tr>\n<tr>\n<td>K\u00e4yntimaksu<\/td>\n<td>25 \u20ac<\/td>\n<\/tr>\n<tr>\n<td>Pintapuudutus<\/td>\n<td>\u00a0 11 \u20ac<\/td>\n<\/tr>\n<tr>\n<td>Infiltraatio- \/ johtopuudutus<\/td>\n<td>21 \u20ac<\/td>\n<\/tr>\n<tr>\n<td>Digitaalikuvaus<\/td>\n<td>19 \u20ac<\/td>\n<\/tr>\n<tr>\n<td>Digitaalinen panoraamakuvaus<\/td>\n<td>45 \u20ac<\/td>\n<\/tr>\n<tr>\n<td>Hammaskorun kiinnitys<\/td>\n<td>70 \u20ac<\/td>\n<\/tr>\n<tr>\n<td>Saapumatta j\u00e4tt\u00e4minen ilman ennakkoilmoitusta<\/td>\n<td>45 \u20ac<\/td>\n<\/tr>\n<\/tbody>\n<\/table>\n<table class=\"tableizer-table\">\n<tbody>\n<tr class=\"tableizer-firstrow\">\n<th colspan=\"2\"><span style=\"color: #ffffff;\">Ehk\u00e4isev\u00e4t toimenpiteet<\/span><\/th>\n<\/tr>\n<tr>\n<td>Hampaan pinnoitus<\/td>\n<td>45 \u20ac<\/td>\n<\/tr>\n<tr>\n<td>Hampaan hoito fluoritahnalla<\/td>\n<td>\u00a0 15 \u20ac<\/td>\n<\/tr>\n<tr>\n<td>Herkkien hampaiden hoito lakalla<\/td>\n<td>15 \u20ac<\/td>\n<\/tr>\n<tr>\n<td>Hampaiden kiillotus tahnalla<\/td>\n<td>40 \u20ac<\/td>\n<\/tr>\n<tr>\n<td>Soodapuhdistus<\/td>\n<td>alkaa 95 \u20ac<\/td>\n<\/tr>\n<tr>\n<td>Hammaskiven poisto<\/td>\n<td>70-100 \u20ac<\/td>\n<\/tr>\n<\/tbody>\n<\/table>\n<table class=\"tableizer-table\">\n<tbody>\n<tr class=\"tableizer-firstrow\">\n<th colspan=\"2\"><span style=\"color: #ffffff;\">Hampaiden valkaisu<\/span><\/th>\n<\/tr>\n<tr>\n<td>Hampaan sis\u00e4inen valkaisu (sis. v\u00e4liaikaisen paikan)<\/td>\n<td>\u00a0 50 \u20ac<\/td>\n<\/tr>\n<tr>\n<td>Valkaisupakkaus kotik\u00e4ytt\u00f6\u00f6n<\/td>\n<td>250 \u20ac<\/td>\n<\/tr>\n<tr>\n<td><\/td>\n<td><\/td>\n<\/tr>\n<tr>\n<td>Valkaisugeeli (1 tuubi)<\/td>\n<td>\u00a0 15 \u20ac<\/td>\n<\/tr>\n<\/tbody>\n<\/table>\n<table class=\"tableizer-table\">\n<tbody>\n<tr class=\"tableizer-firstrow\">\n<th colspan=\"2\"><span style=\"color: #ffffff;\">Paikkaukset<\/span><\/th>\n<\/tr>\n<tr>\n<td>Yhdistelm\u00e4muovi (pieni)<\/td>\n<td>70 \u20ac<\/td>\n<\/tr>\n<tr>\n<td>Yhdistelm\u00e4muovi \u00a0(keskikokoinen)<\/td>\n<td>95 \u20ac<\/td>\n<\/tr>\n<tr>\n<td>Yhdistelm\u00e4muovi \u00a0(suuri)<\/td>\n<td>120 \u20ac<\/td>\n<\/tr>\n<tr>\n<td>Yhdistelm\u00e4muovi \u00a0(hampaan rakentaminen)<\/td>\n<td>150 \u20ac<\/td>\n<\/tr>\n<tr>\n<td>Lasi-ionomeeri (pieni)<\/td>\n<td>55 \u20ac<\/td>\n<\/tr>\n<tr>\n<td>Lasi-ionomeeri (keskikokoinen)<\/td>\n<td>68 \u20ac<\/td>\n<\/tr>\n<tr>\n<td>Lasi-ionomeeri (suuri)<\/td>\n<td>85 \u20ac<\/td>\n<\/tr>\n<\/tbody>\n<\/table>\n<table class=\"tableizer-table\">\n<tbody>\n<tr class=\"tableizer-firstrow\">\n<th colspan=\"2\"><span style=\"color: #ffffff;\">Juurihoito<\/span><\/th>\n<\/tr>\n<tr>\n<td>Juurikanavan avaus\u00a0ja laajennus\u00a0(yksi kanava)<\/td>\n<td>75 \u20ac<\/td>\n<\/tr>\n<tr>\n<td>Juurikanavan avaus\u00a0ja laajennus\u00a0(kaksi kanavaa)<\/td>\n<td>90 \u20ac<\/td>\n<\/tr>\n<tr>\n<td>Juurikanavan avaus\u00a0ja laajennus\u00a0(kolme kanavaa)<\/td>\n<td>110 \u20ac<\/td>\n<\/tr>\n<tr>\n<td>Seuraavien juurikanavien avaus ja laajennus per kanava<\/td>\n<td>38 \u20ac<\/td>\n<\/tr>\n<tr>\n<td>L\u00e4\u00e4kkeen asettaminen juurikanaviin<\/td>\n<td>50 \u20ac<\/td>\n<\/tr>\n<tr>\n<td>V\u00e4liaikainen paikka<\/td>\n<td>30 \u20ac<\/td>\n<\/tr>\n<tr>\n<td>L\u00e4\u00e4kkeen asettaminen hermoon<\/td>\n<td>alkaa 50 \u20ac<\/td>\n<\/tr>\n<tr>\n<td>Juurent\u00e4yte\u00a0(yksi kanava)<\/td>\n<td>70 \u20ac<\/td>\n<\/tr>\n<tr>\n<td>Juurent\u00e4yte\u00a0(kaksi kanavaa)<\/td>\n<td>95 \u20ac<\/td>\n<\/tr>\n<tr>\n<td>Juurent\u00e4yte\u00a0(kolme kanavaa)<\/td>\n<td>150 \u20ac<\/td>\n<\/tr>\n<tr>\n<td>Juurent\u00e4yte\u00a0(nelj\u00e4 kanavaa)<\/td>\n<td>160 \u20ac<\/td>\n<\/tr>\n<tr>\n<td>Hampaan rakentaminen ennen juurihoitoa<\/td>\n<td>60 \u20ac<\/td>\n<\/tr>\n<tr>\n<td>Hampaan vauriokorjaus lasikuitulujituksilla<\/td>\n<td>150 \u20ac<\/td>\n<\/tr>\n<\/tbody>\n<\/table>\n<table class=\"tableizer-table\">\n<tbody>\n<tr class=\"tableizer-firstrow\">\n<th colspan=\"2\"><span style=\"color: #ffffff;\">Kirurgiset toimenpiteet<\/span><\/th>\n<\/tr>\n<tr>\n<td>Hampaan poisto (riippuu vaikeus astestaa)<\/td>\n<td>\u00a0alkaa 78 \u20ac<\/td>\n<\/tr>\n<tr>\n<td>Viisaudenhampaan poisto<\/td>\n<td>\u00a0alkaa 135 \u20ac<\/td>\n<\/tr>\n<tr>\n<td><\/td>\n<td><\/td>\n<\/tr>\n<tr>\n<td>Juurenk\u00e4rjen leikkaus<\/td>\n<td>alkaa 500 \u20ac<\/td>\n<\/tr>\n<tr>\n<td>Leikkauksellinen hampaan poisto<\/td>\n<td>\u00a0 75 \u20ac<\/td>\n<\/tr>\n<tr>\n<td>Huuli- tai kielij\u00e4nteen katkaisu<\/td>\n<td>\u00a0 75 \u20ac<\/td>\n<\/tr>\n<tr>\n<td>M\u00e4rk\u00e4pes\u00e4kkeen\u00a0avaus<\/td>\n<td>\u00a0 40 \u20ac<\/td>\n<\/tr>\n<tr>\n<td>Hammasharjanteen muokkaus 1-2 hampaan alueella<\/td>\n<td>110 \u20ac<\/td>\n<\/tr>\n<tr>\n<td>Perikoroniitin (viisaudenhampaan yhteydess\u00e4 esiintyv\u00e4 ientulehdus) hoito<\/td>\n<td>\u00a0 30\u00a0\u20ac<\/td>\n<\/tr>\n<tr>\n<td>Tikkien laitto<\/td>\n<td>\u00a0 alkaa 30 \u20ac<\/td>\n<\/tr>\n<tr>\n<td>Tikkien poisto, haavan tarkastus<\/td>\n<td>\u00a0 alkaa 20 \u20ac<\/td>\n<\/tr>\n<tr>\n<td>Kirurginen tarkastus ja haavanhoito<\/td>\n<td>\u00a0 35 \u20ac<\/td>\n<\/tr>\n<tr>\n<td>Kollageenisieni<\/td>\n<td>\u00a0 25 \u20ac<\/td>\n<\/tr>\n<tr>\n<td>PRF-verin\u00e4yte<\/td>\n<td>\u00a0150 \u20ac<\/td>\n<\/tr>\n<tr>\n<td>Emdogain-geeli<\/td>\n<td>\u00a0 110 \u20ac<\/td>\n<\/tr>\n<\/tbody>\n<\/table>\n<\/div>\n<div class=\"uk-width-1-2\">\n<table class=\"tableizer-table\" style=\"float: right;\">\n<tbody>\n<tr class=\"tableizer-firstrow\">\n<th colspan=\"2\"><span style=\"color: #ffffff;\">Prostetiikka<\/span><\/th>\n<\/tr>\n<tr>\n<td>Komposiittikuori (CAD\/CAM)<\/td>\n<td>330 \u20ac<\/td>\n<\/tr>\n<tr>\n<td>Keraaminen kuori (CAD\/CAM)<\/td>\n<td>alkaa 400 \u20ac<\/td>\n<\/tr>\n<tr>\n<td>Keraaminen kruunu (CAD\/CAM)<\/td>\n<td>alkaa 550 \u20ac<\/td>\n<\/tr>\n<tr>\n<td><\/td>\n<td><\/td>\n<\/tr>\n<tr>\n<td>Keraaminen kruunu (laboratorio)<\/td>\n<td>alkaa 550 \u20ac<\/td>\n<\/tr>\n<tr>\n<td>V\u00e4lihammas (laboratorio)<\/td>\n<td>alkaa 450 \u20ac<\/td>\n<\/tr>\n<tr>\n<td>Metallokeraaminen kruunu<\/td>\n<td>alkaa 350 \u20ac<\/td>\n<\/tr>\n<tr>\n<td>Teleskooppikruunu<\/td>\n<td>400 \u20ac<\/td>\n<\/tr>\n<tr>\n<td>Lasikuituinen kevytsilta<\/td>\n<td>288 \u20ac<\/td>\n<\/tr>\n<tr>\n<td>Akryylinen osaproteesi<\/td>\n<td>500-550 \u20ac<\/td>\n<\/tr>\n<tr>\n<td>Metallirunkoinen osaproteesi<\/td>\n<td>alkaa 800 \u20ac<\/td>\n<\/tr>\n<tr>\n<td>Kokoproteesi<\/td>\n<td>alkaa 700 \u20ac<\/td>\n<\/tr>\n<tr>\n<td>Kokoproteesi nelj\u00e4ll\u00e4 mini-implantilla<\/td>\n<td>alkaa 1000 \u20ac<\/td>\n<\/tr>\n<tr>\n<td>Kokoproteesi kuudella mini-implantilla<\/td>\n<td>alkaa 1 500 \u20ac<\/td>\n<\/tr>\n<tr>\n<td>V\u00e4liaikainen kruunu<\/td>\n<td>40 \u20ac<\/td>\n<\/tr>\n<tr>\n<td>V\u00e4liaikainen kruunu (CAD\/CAM)<\/td>\n<td>60 \u20ac<\/td>\n<\/tr>\n<tr>\n<td>Sementointi yhdistelm\u00e4muovilla<\/td>\n<td>40 \u20ac<\/td>\n<\/tr>\n<tr>\n<td><\/td>\n<td><\/td>\n<\/tr>\n<tr>\n<td><\/td>\n<td><\/td>\n<\/tr>\n<tr>\n<td>V\u00e4liaikainen sementointi<\/td>\n<td>26 \u20ac<\/td>\n<\/tr>\n<tr>\n<td>Diagnostiset kipsimallit<\/td>\n<td>52 \u20ac<\/td>\n<\/tr>\n<tr>\n<td>Silikonij\u00e4ljenn\u00f6s<\/td>\n<td>52 \u20ac<\/td>\n<\/tr>\n<tr>\n<td>Alginaattij\u00e4ljenn\u00f6s<\/td>\n<td>28 \u20ac<\/td>\n<\/tr>\n<tr>\n<td>Vahaus (yksi hammas)<\/td>\n<td>21 \u20ac<\/td>\n<\/tr>\n<tr>\n<td>Yksil\u00f6llinen lusikka<\/td>\n<td>68 \u20ac<\/td>\n<\/tr>\n<tr>\n<td>Murtuneen proteesin korjaus<\/td>\n<td>80 \u20ac<\/td>\n<\/tr>\n<tr>\n<td>Proteesin pohjaus<\/td>\n<td>alkaa 150 \u20ac<\/td>\n<\/tr>\n<tr>\n<td>Hampaan lis\u00e4\u00e4minen proteesiin<\/td>\n<td>45 \u20ac<\/td>\n<\/tr>\n<tr>\n<td>Kruunun poisto<\/td>\n<td>alkaa 25 \u20ac<\/td>\n<\/tr>\n<tr>\n<td>Purentalevy<\/td>\n<td>150 \u20ac<\/td>\n<\/tr>\n<tr>\n<td>Implanttialusta<\/td>\n<td>88 \u20ac<\/td>\n<\/tr>\n<tr>\n<td>Essix-oikomiskoje<\/td>\n<td>108 \u20ac<\/td>\n<\/tr>\n<tr>\n<td>MDI-tekohampaiden kumitiivisteiden vaihto<\/td>\n<td>alkaa 48 \u20ac<\/td>\n<\/tr>\n<\/tbody>\n<\/table>\n<table class=\"tableizer-table\">\n<tbody>\n<tr class=\"tableizer-firstrow\">\n<th colspan=\"2\"><span style=\"color: #ffffff;\">Parodontologia<\/span><\/th>\n<\/tr>\n<tr>\n<td>Hampaiden kiskotus lasikuitulla (yksi hammas)<\/td>\n<td>\u00a0 33 \u20ac<\/td>\n<\/tr>\n<tr>\n<td>Hammaskiven poisto (korkeintaan viisi hammasta)<\/td>\n<td>250 \u20ac<\/td>\n<\/tr>\n<\/tbody>\n<\/table>\n<table class=\"tableizer-table\">\n<tbody>\n<tr class=\"tableizer-firstrow\">\n<th colspan=\"2\"><span style=\"color: #ffffff;\">Laser-hoito<\/span><\/th>\n<\/tr>\n<tr>\n<td>Ikenen korjaaminen (yhden hampaan alueella)<\/td>\n<td>29 \u20ac<\/td>\n<\/tr>\n<tr>\n<td>Ienj\u00e4nteen korjaaminen<\/td>\n<td>55 \u20ac<\/td>\n<\/tr>\n<tr>\n<td>Herpeksen tai aftan hoito<\/td>\n<td>35 \u20ac<\/td>\n<\/tr>\n<tr>\n<td>Limakalvon kasvannaisen\/kasvaimen poisto<\/td>\n<td>55 \u20ac<\/td>\n<\/tr>\n<tr>\n<td>Alveoliitin laser-hoito<\/td>\n<td>31 \u20ac<\/td>\n<\/tr>\n<tr>\n<td>Perikoroniitin laser-hoito<\/td>\n<td>31 \u20ac<\/td>\n<\/tr>\n<\/tbody>\n<\/table>\n<table class=\"tableizer-table\">\n<tbody>\n<tr class=\"tableizer-firstrow\">\n<th colspan=\"2\"><span style=\"color: #ffffff;\">Implantaatio<\/span><\/th>\n<\/tr>\n<tr>\n<td>Implantaatio (Ankylos)<\/td>\n<td>900 \u20ac<\/td>\n<\/tr>\n<tr>\n<td>Paranemisjatkeen asettaminen<\/td>\n<td>\u00a0 70 \u20ac<\/td>\n<\/tr>\n<tr>\n<td>Implantaatio (MDI \u2013 mini-implantti)<\/td>\n<td>600 \u20ac<\/td>\n<\/tr>\n<tr>\n<td>Ontelon pohjan nosto<\/td>\n<td>700 \u20ac<\/td>\n<\/tr>\n<tr>\n<td>Keinoluun lis\u00e4\u00e4minen (0,5 g)<\/td>\n<td>180 \u20ac<\/td>\n<\/tr>\n<tr>\n<td>Kollageenikalvo<\/td>\n<td>175 \u20ac<\/td>\n<\/tr>\n<tr>\n<td>Tikin laitto<\/td>\n<td>\u00a0 alkaa 45 \u20ac<\/td>\n<\/tr>\n<tr>\n<td>4 mini-implantin asennus<\/td>\n<td>2000 \u20ac<\/td>\n<\/tr>\n<tr>\n<td><\/td>\n<td><\/td>\n<\/tr>\n<tr>\n<td>Keraamisen kruunun asentaminen tukipilari-implantin kanssa<\/td>\n<td>alkaa 750 \u20ac<\/td>\n<\/tr>\n<tr>\n<td>Keraaminen kruunu mini-implantille<\/td>\n<td>500 \u20ac<\/td>\n<\/tr>\n<tr>\n<td>Titaanikanta (Ankylos-tukipilari)<\/td>\n<td>105 \u20ac<\/td>\n<\/tr>\n<\/tbody>\n<\/table>\n<table class=\"tableizer-table\">\n<tbody>\n<tr class=\"tableizer-firstrow\">\n<th colspan=\"2\"><span style=\"color: #ffffff;\">Tuotteet<\/span><\/th>\n<\/tr>\n<tr>\n<td><\/td>\n<td><\/td>\n<\/tr>\n<tr>\n<td><\/td>\n<td><\/td>\n<\/tr>\n<tr>\n<td><\/td>\n<td><\/td>\n<\/tr>\n<tr>\n<td><\/td>\n<td><\/td>\n<\/tr>\n<tr>\n<td><\/td>\n<td><\/td>\n<\/tr>\n<tr>\n<td><\/td>\n<td><\/td>\n<\/tr>\n<tr>\n<td><\/td>\n<td><\/td>\n<\/tr>\n<tr>\n<td><\/td>\n<td><\/td>\n<\/tr>\n<tr>\n<td><\/td>\n<td><\/td>\n<\/tr>\n<tr>\n<td><\/td>\n<td><\/td>\n<\/tr>\n<tr>\n<td><\/td>\n<td><\/td>\n<\/tr>\n<tr>\n<td><\/td>\n<td><\/td>\n<\/tr>\n<tr>\n<td><\/td>\n<td><\/td>\n<\/tr>\n<\/tbody>\n<\/table>\n<\/div>\n<\/div>","protected":false},"excerpt":{"rendered":"<p>Hinnasto Alennukset lapsille, opiskelijoille ja el\u00e4kel\u00e4isille Yleiset Konsultaatio 45 \u20ac Kokonaisvaltainen konsultaatio 1 h 111 \u20ac Kirjallinen hoitosuunnitelma 30-50 \u20ac K\u00e4yntimaksu 25 \u20ac Pintapuudutus \u00a0 11 \u20ac Infiltraatio- \/ johtopuudutus 21 \u20ac Digitaalikuvaus 19 \u20ac Digitaalinen panoraamakuvaus 45 \u20ac Hammaskorun kiinnitys 70 \u20ac Saapumatta j\u00e4tt\u00e4minen ilman ennakkoilmoitusta 45 \u20ac Ehk\u00e4isev\u00e4t toimenpiteet Hampaan pinnoitus 45 \u20ac [&hellip;]<\/p>\n","protected":false},"author":1,"featured_media":0,"parent":0,"menu_order":0,"comment_status":"open","ping_status":"closed","template":"","meta":[],"yoast_head":"<!-- This site is optimized with the Yoast SEO plugin v18.4.1 - https:\/\/yoast.com\/wordpress\/plugins\/seo\/ -->\n<title>Hinnasto -<\/title>\n<meta name=\"robots\" content=\"index, follow, max-snippet:-1, max-image-preview:large, max-video-preview:-1\" \/>\n<link rel=\"canonical\" href=\"http:\/\/presi-dent.ee\/fi\/pricing\/\" \/>\n<meta property=\"og:locale\" content=\"fi_FI\" \/>\n<meta property=\"og:type\" content=\"article\" \/>\n<meta property=\"og:title\" content=\"Hinnasto -\" \/>\n<meta property=\"og:description\" content=\"Hinnasto Alennukset lapsille, opiskelijoille ja el\u00e4kel\u00e4isille Yleiset Konsultaatio 45 \u20ac Kokonaisvaltainen konsultaatio 1 h 111 \u20ac Kirjallinen hoitosuunnitelma 30-50 \u20ac K\u00e4yntimaksu 25 \u20ac Pintapuudutus \u00a0 11 \u20ac Infiltraatio- \/ johtopuudutus 21 \u20ac Digitaalikuvaus 19 \u20ac Digitaalinen panoraamakuvaus 45 \u20ac Hammaskorun kiinnitys 70 \u20ac Saapumatta j\u00e4tt\u00e4minen ilman ennakkoilmoitusta 45 \u20ac Ehk\u00e4isev\u00e4t toimenpiteet Hampaan pinnoitus 45 \u20ac [&hellip;]\" \/>\n<meta property=\"og:url\" content=\"http:\/\/presi-dent.ee\/fi\/pricing\/\" \/>\n<meta property=\"article:modified_time\" content=\"2026-02-12T11:15:26+00:00\" \/>\n<meta name=\"twitter:label1\" content=\"Est. reading time\" \/>\n\t<meta name=\"twitter:data1\" content=\"3 minutes\" \/>\n<script type=\"application\/ld+json\" class=\"yoast-schema-graph\">{\"@context\":\"https:\/\/schema.org\",\"@graph\":[{\"@type\":\"WebSite\",\"@id\":\"https:\/\/presi-dent.ee\/#website\",\"url\":\"https:\/\/presi-dent.ee\/\",\"name\":\"\",\"description\":\"\",\"potentialAction\":[{\"@type\":\"SearchAction\",\"target\":{\"@type\":\"EntryPoint\",\"urlTemplate\":\"https:\/\/presi-dent.ee\/?s={search_term_string}\"},\"query-input\":\"required name=search_term_string\"}],\"inLanguage\":\"fi\"},{\"@type\":\"WebPage\",\"@id\":\"http:\/\/presi-dent.ee\/fi\/pricing\/#webpage\",\"url\":\"http:\/\/presi-dent.ee\/fi\/pricing\/\",\"name\":\"Hinnasto -\",\"isPartOf\":{\"@id\":\"https:\/\/presi-dent.ee\/#website\"},\"datePublished\":\"2014-07-24T06:43:55+00:00\",\"dateModified\":\"2026-02-12T11:15:26+00:00\",\"breadcrumb\":{\"@id\":\"http:\/\/presi-dent.ee\/fi\/pricing\/#breadcrumb\"},\"inLanguage\":\"fi\",\"potentialAction\":[{\"@type\":\"ReadAction\",\"target\":[\"http:\/\/presi-dent.ee\/fi\/pricing\/\"]}]},{\"@type\":\"BreadcrumbList\",\"@id\":\"http:\/\/presi-dent.ee\/fi\/pricing\/#breadcrumb\",\"itemListElement\":[{\"@type\":\"ListItem\",\"position\":1,\"name\":\"Home\",\"item\":\"https:\/\/presi-dent.ee\/fi\/\"},{\"@type\":\"ListItem\",\"position\":2,\"name\":\"Hinnasto\"}]}]}<\/script>\n<!-- \/ Yoast SEO plugin. -->","yoast_head_json":{"title":"Hinnasto -","robots":{"index":"index","follow":"follow","max-snippet":"max-snippet:-1","max-image-preview":"max-image-preview:large","max-video-preview":"max-video-preview:-1"},"canonical":"http:\/\/presi-dent.ee\/fi\/pricing\/","og_locale":"fi_FI","og_type":"article","og_title":"Hinnasto -","og_description":"Hinnasto Alennukset lapsille, opiskelijoille ja el\u00e4kel\u00e4isille Yleiset Konsultaatio 45 \u20ac Kokonaisvaltainen konsultaatio 1 h 111 \u20ac Kirjallinen hoitosuunnitelma 30-50 \u20ac K\u00e4yntimaksu 25 \u20ac Pintapuudutus \u00a0 11 \u20ac Infiltraatio- \/ johtopuudutus 21 \u20ac Digitaalikuvaus 19 \u20ac Digitaalinen panoraamakuvaus 45 \u20ac Hammaskorun kiinnitys 70 \u20ac Saapumatta j\u00e4tt\u00e4minen ilman ennakkoilmoitusta 45 \u20ac Ehk\u00e4isev\u00e4t toimenpiteet Hampaan pinnoitus 45 \u20ac [&hellip;]","og_url":"http:\/\/presi-dent.ee\/fi\/pricing\/","article_modified_time":"2026-02-12T11:15:26+00:00","twitter_misc":{"Est. reading time":"3 minutes"},"schema":{"@context":"https:\/\/schema.org","@graph":[{"@type":"WebSite","@id":"https:\/\/presi-dent.ee\/#website","url":"https:\/\/presi-dent.ee\/","name":"","description":"","potentialAction":[{"@type":"SearchAction","target":{"@type":"EntryPoint","urlTemplate":"https:\/\/presi-dent.ee\/?s={search_term_string}"},"query-input":"required name=search_term_string"}],"inLanguage":"fi"},{"@type":"WebPage","@id":"http:\/\/presi-dent.ee\/fi\/pricing\/#webpage","url":"http:\/\/presi-dent.ee\/fi\/pricing\/","name":"Hinnasto -","isPartOf":{"@id":"https:\/\/presi-dent.ee\/#website"},"datePublished":"2014-07-24T06:43:55+00:00","dateModified":"2026-02-12T11:15:26+00:00","breadcrumb":{"@id":"http:\/\/presi-dent.ee\/fi\/pricing\/#breadcrumb"},"inLanguage":"fi","potentialAction":[{"@type":"ReadAction","target":["http:\/\/presi-dent.ee\/fi\/pricing\/"]}]},{"@type":"BreadcrumbList","@id":"http:\/\/presi-dent.ee\/fi\/pricing\/#breadcrumb","itemListElement":[{"@type":"ListItem","position":1,"name":"Home","item":"https:\/\/presi-dent.ee\/fi\/"},{"@type":"ListItem","position":2,"name":"Hinnasto"}]}]}},"_links":{"self":[{"href":"http:\/\/presi-dent.ee\/fi\/wp-json\/wp\/v2\/pages\/55"}],"collection":[{"href":"http:\/\/presi-dent.ee\/fi\/wp-json\/wp\/v2\/pages"}],"about":[{"href":"http:\/\/presi-dent.ee\/fi\/wp-json\/wp\/v2\/types\/page"}],"author":[{"embeddable":true,"href":"http:\/\/presi-dent.ee\/fi\/wp-json\/wp\/v2\/users\/1"}],"replies":[{"embeddable":true,"href":"http:\/\/presi-dent.ee\/fi\/wp-json\/wp\/v2\/comments?post=55"}],"version-history":[{"count":5,"href":"http:\/\/presi-dent.ee\/fi\/wp-json\/wp\/v2\/pages\/55\/revisions"}],"predecessor-version":[{"id":1444,"href":"http:\/\/presi-dent.ee\/fi\/wp-json\/wp\/v2\/pages\/55\/revisions\/1444"}],"wp:attachment":[{"href":"http:\/\/presi-dent.ee\/fi\/wp-json\/wp\/v2\/media?parent=55"}],"curies":[{"name":"wp","href":"https:\/\/api.w.org\/{rel}","templated":true}]}}