{"id":137,"date":"2014-07-24T07:57:47","date_gmt":"2014-07-24T07:57:47","guid":{"rendered":"http:\/\/hipnotyka.com\/president\/?page_id=137"},"modified":"2020-11-06T07:33:25","modified_gmt":"2020-11-06T07:33:25","slug":"dentists-3","status":"publish","type":"page","link":"http:\/\/presi-dent.ee\/fi\/dentists-3\/","title":{"rendered":"L\u00e4\u00e4k\u00e4rit"},"content":{"rendered":"<div class=\"uk-grid\"><div class=\"uk-width-1-2\"><img loading=\"lazy\" alt=\"arstid1.2\" class=\"alignleft size-large wp-image-429\" height=\"auto\" src=\"http:\/\/presi-dent.ee\/wp-content\/uploads\/2014\/07\/arstid1.2-1024x964.jpg\" width=\"100%\" srcset=\"http:\/\/presi-dent.ee\/wp-content\/uploads\/2014\/07\/arstid1.2-1024x964.jpg 1024w, http:\/\/presi-dent.ee\/wp-content\/uploads\/2014\/07\/arstid1.2-250x235.jpg 250w, http:\/\/presi-dent.ee\/wp-content\/uploads\/2014\/07\/arstid1.2.jpg 1920w\" sizes=\"(max-width: 1024px) 100vw, 1024px\" \/><div class=\"name\" style=\"margin: 0px; color: #000; font-size: 16px; border-radius:5px;\">L&auml;&auml;k&auml;rit &#8211; Eve, Pirjo, Kristi<\/div><\/div><div class=\"uk-width-1-2\"><p><strong>Tri Kristi Otti<\/strong> &ndash; Olen hammasl&auml;&auml;k&auml;ri, joka k&auml;sittelee potilasta holistisesti eli tarkastelee h&auml;nt&auml; kokonaisuutena. Mielest&auml;ni hampaat ja kaikki niihin liittyv&auml; on vain osa ihmist&auml; kokonaisuutena. Havainnollistaen t&auml;m&auml; tarkoittaa sit&auml; ett&auml; jopa pieni reik&auml; hampaassa on kehittynyt tietyst&auml; syyst&auml;, merkiten enemm&auml;n kuin satunnaista terveysongelmaa. T&auml;ytyy osata ottaa viesti vastaan, ymm&auml;rt&auml;&auml; se ja ryhty&auml; toimiin. Juuri n&auml;in autan potilaita toimimaan. Yhdess&auml; keskustellessa ja toimiessa syy hammasongelmaan l&ouml;ytyy aina helmpommin.<\/p><p><strong>Tri Eve Aavik<\/strong> &ndash; Mielest&auml;ni me kaikki tarvitsemme terveet hampaat t&auml;ysipainoiseen el&auml;m&auml;&auml;n. Ihminen kokonaisuutena on silti paljon enemm&auml;n kuin vain hampaat. Hampaiden hoitamisen lis&auml;ksi ty&ouml;ss&auml;ni minun on my&ouml;s ymm&auml;rrett&auml;v&auml; potilaidenn ahdistusta ja huolia, kuunneltava heit&auml; ja rauhoiteltava heit&auml;.<br \/>\r\nOlen onnellinen, kun potilaat l&auml;htev&auml;t luotani tyytyv&auml;isin&auml; ja onnellisina. Potilaan pit&auml;isi silti ymm&auml;rt&auml;&auml;, ett&auml; ennen kaikkea heid&auml;n itsens&auml; on pidett&auml;v&auml; hampaistaan huolta. Vain sitten yhteisty&ouml;mme voi olla hedelm&auml;llist&auml; ja sen lopputuloksena kaunis hymy<br \/>\r\n!<\/p><p><strong>Tri Pirjo Talvoja (Suviorg)<\/strong> &#8211; Valmistuin Tarton yliopistosta ja olen ty&ouml;skennellyt hammasl&auml;&auml;k&auml;rin&auml; aina vuodesta 2008 l&auml;htien. Harjoitan mieluiten esteettist&auml; ja prosteettista hampaidenhoitoa sek&auml; osallistun usein my&ouml;s aiheeseen liittyviin koulutuksiin. Sek&auml; nuoret ett&auml; i&auml;kk&auml;&auml;mm&auml;t asiakkaat arvostavat ammattitaitoani ja yst&auml;v&auml;llisyytt&auml;ni kovasti. Vapaa-aikanani harrastan liikuntaa, luen ja matkustelen.<\/p><\/div><\/div>","protected":false},"excerpt":{"rendered":"<p>L&auml;&auml;k&auml;rit &#8211; Eve, Pirjo, KristiTri Kristi Otti &ndash; Olen hammasl&auml;&auml;k&auml;ri, joka k&auml;sittelee potilasta holistisesti eli tarkastelee h&auml;nt&auml; kokonaisuutena. Mielest&auml;ni hampaat ja kaikki niihin liittyv&auml; on vain osa ihmist&auml; kokonaisuutena. Havainnollistaen t&auml;m&auml; tarkoittaa sit&auml; ett&auml; jopa pieni reik&auml; hampaassa on kehittynyt tietyst&auml; syyst&auml;, merkiten enemm&auml;n kuin satunnaista terveysongelmaa. T&auml;ytyy osata ottaa viesti vastaan, ymm&auml;rt&auml;&auml; se ja [&hellip;]<\/p>\n","protected":false},"author":1,"featured_media":0,"parent":0,"menu_order":0,"comment_status":"closed","ping_status":"closed","template":"","meta":[],"yoast_head":"<!-- This site is optimized with the Yoast SEO plugin v18.4.1 - https:\/\/yoast.com\/wordpress\/plugins\/seo\/ -->\n<title>L\u00e4\u00e4k\u00e4rit -<\/title>\n<meta name=\"robots\" content=\"index, follow, max-snippet:-1, max-image-preview:large, max-video-preview:-1\" \/>\n<link rel=\"canonical\" href=\"https:\/\/presi-dent.ee\/fi\/dentists-3\/\" \/>\n<meta property=\"og:locale\" content=\"fi_FI\" \/>\n<meta property=\"og:type\" content=\"article\" \/>\n<meta property=\"og:title\" content=\"L\u00e4\u00e4k\u00e4rit -\" \/>\n<meta property=\"og:description\" content=\"L&auml;&auml;k&auml;rit &#8211; Eve, Pirjo, KristiTri Kristi Otti &ndash; Olen hammasl&auml;&auml;k&auml;ri, joka k&auml;sittelee potilasta holistisesti eli tarkastelee h&auml;nt&auml; kokonaisuutena. Mielest&auml;ni hampaat ja kaikki niihin liittyv&auml; on vain osa ihmist&auml; kokonaisuutena. Havainnollistaen t&auml;m&auml; tarkoittaa sit&auml; ett&auml; jopa pieni reik&auml; hampaassa on kehittynyt tietyst&auml; syyst&auml;, merkiten enemm&auml;n kuin satunnaista terveysongelmaa. T&auml;ytyy osata ottaa viesti vastaan, ymm&auml;rt&auml;&auml; se ja [&hellip;]\" \/>\n<meta property=\"og:url\" content=\"https:\/\/presi-dent.ee\/fi\/dentists-3\/\" \/>\n<meta property=\"article:modified_time\" content=\"2020-11-06T07:33:25+00:00\" \/>\n<meta property=\"og:image\" content=\"http:\/\/presi-dent.ee\/wp-content\/uploads\/2014\/07\/arstid1.2-1024x964.jpg\" \/>\n<meta name=\"twitter:label1\" content=\"Est. reading time\" \/>\n\t<meta name=\"twitter:data1\" content=\"2 minutes\" \/>\n<script type=\"application\/ld+json\" class=\"yoast-schema-graph\">{\"@context\":\"https:\/\/schema.org\",\"@graph\":[{\"@type\":\"WebSite\",\"@id\":\"https:\/\/presi-dent.ee\/#website\",\"url\":\"https:\/\/presi-dent.ee\/\",\"name\":\"\",\"description\":\"\",\"potentialAction\":[{\"@type\":\"SearchAction\",\"target\":{\"@type\":\"EntryPoint\",\"urlTemplate\":\"https:\/\/presi-dent.ee\/?s={search_term_string}\"},\"query-input\":\"required name=search_term_string\"}],\"inLanguage\":\"fi\"},{\"@type\":\"ImageObject\",\"@id\":\"https:\/\/presi-dent.ee\/fi\/dentists-3\/#primaryimage\",\"inLanguage\":\"fi\",\"url\":\"http:\/\/presi-dent.ee\/wp-content\/uploads\/2014\/07\/arstid1.2.jpg\",\"contentUrl\":\"http:\/\/presi-dent.ee\/wp-content\/uploads\/2014\/07\/arstid1.2.jpg\",\"width\":1920,\"height\":1808},{\"@type\":\"WebPage\",\"@id\":\"https:\/\/presi-dent.ee\/fi\/dentists-3\/#webpage\",\"url\":\"https:\/\/presi-dent.ee\/fi\/dentists-3\/\",\"name\":\"L\u00e4\u00e4k\u00e4rit -\",\"isPartOf\":{\"@id\":\"https:\/\/presi-dent.ee\/#website\"},\"primaryImageOfPage\":{\"@id\":\"https:\/\/presi-dent.ee\/fi\/dentists-3\/#primaryimage\"},\"datePublished\":\"2014-07-24T07:57:47+00:00\",\"dateModified\":\"2020-11-06T07:33:25+00:00\",\"breadcrumb\":{\"@id\":\"https:\/\/presi-dent.ee\/fi\/dentists-3\/#breadcrumb\"},\"inLanguage\":\"fi\",\"potentialAction\":[{\"@type\":\"ReadAction\",\"target\":[\"https:\/\/presi-dent.ee\/fi\/dentists-3\/\"]}]},{\"@type\":\"BreadcrumbList\",\"@id\":\"https:\/\/presi-dent.ee\/fi\/dentists-3\/#breadcrumb\",\"itemListElement\":[{\"@type\":\"ListItem\",\"position\":1,\"name\":\"Home\",\"item\":\"https:\/\/presi-dent.ee\/fi\/\"},{\"@type\":\"ListItem\",\"position\":2,\"name\":\"L\u00e4\u00e4k\u00e4rit\"}]}]}<\/script>\n<!-- \/ Yoast SEO plugin. -->","yoast_head_json":{"title":"L\u00e4\u00e4k\u00e4rit -","robots":{"index":"index","follow":"follow","max-snippet":"max-snippet:-1","max-image-preview":"max-image-preview:large","max-video-preview":"max-video-preview:-1"},"canonical":"https:\/\/presi-dent.ee\/fi\/dentists-3\/","og_locale":"fi_FI","og_type":"article","og_title":"L\u00e4\u00e4k\u00e4rit -","og_description":"L&auml;&auml;k&auml;rit &#8211; Eve, Pirjo, KristiTri Kristi Otti &ndash; Olen hammasl&auml;&auml;k&auml;ri, joka k&auml;sittelee potilasta holistisesti eli tarkastelee h&auml;nt&auml; kokonaisuutena. Mielest&auml;ni hampaat ja kaikki niihin liittyv&auml; on vain osa ihmist&auml; kokonaisuutena. Havainnollistaen t&auml;m&auml; tarkoittaa sit&auml; ett&auml; jopa pieni reik&auml; hampaassa on kehittynyt tietyst&auml; syyst&auml;, merkiten enemm&auml;n kuin satunnaista terveysongelmaa. T&auml;ytyy osata ottaa viesti vastaan, ymm&auml;rt&auml;&auml; se ja [&hellip;]","og_url":"https:\/\/presi-dent.ee\/fi\/dentists-3\/","article_modified_time":"2020-11-06T07:33:25+00:00","og_image":[{"url":"http:\/\/presi-dent.ee\/wp-content\/uploads\/2014\/07\/arstid1.2-1024x964.jpg"}],"twitter_misc":{"Est. reading time":"2 minutes"},"schema":{"@context":"https:\/\/schema.org","@graph":[{"@type":"WebSite","@id":"https:\/\/presi-dent.ee\/#website","url":"https:\/\/presi-dent.ee\/","name":"","description":"","potentialAction":[{"@type":"SearchAction","target":{"@type":"EntryPoint","urlTemplate":"https:\/\/presi-dent.ee\/?s={search_term_string}"},"query-input":"required name=search_term_string"}],"inLanguage":"fi"},{"@type":"ImageObject","@id":"https:\/\/presi-dent.ee\/fi\/dentists-3\/#primaryimage","inLanguage":"fi","url":"http:\/\/presi-dent.ee\/wp-content\/uploads\/2014\/07\/arstid1.2.jpg","contentUrl":"http:\/\/presi-dent.ee\/wp-content\/uploads\/2014\/07\/arstid1.2.jpg","width":1920,"height":1808},{"@type":"WebPage","@id":"https:\/\/presi-dent.ee\/fi\/dentists-3\/#webpage","url":"https:\/\/presi-dent.ee\/fi\/dentists-3\/","name":"L\u00e4\u00e4k\u00e4rit -","isPartOf":{"@id":"https:\/\/presi-dent.ee\/#website"},"primaryImageOfPage":{"@id":"https:\/\/presi-dent.ee\/fi\/dentists-3\/#primaryimage"},"datePublished":"2014-07-24T07:57:47+00:00","dateModified":"2020-11-06T07:33:25+00:00","breadcrumb":{"@id":"https:\/\/presi-dent.ee\/fi\/dentists-3\/#breadcrumb"},"inLanguage":"fi","potentialAction":[{"@type":"ReadAction","target":["https:\/\/presi-dent.ee\/fi\/dentists-3\/"]}]},{"@type":"BreadcrumbList","@id":"https:\/\/presi-dent.ee\/fi\/dentists-3\/#breadcrumb","itemListElement":[{"@type":"ListItem","position":1,"name":"Home","item":"https:\/\/presi-dent.ee\/fi\/"},{"@type":"ListItem","position":2,"name":"L\u00e4\u00e4k\u00e4rit"}]}]}},"_links":{"self":[{"href":"http:\/\/presi-dent.ee\/fi\/wp-json\/wp\/v2\/pages\/137"}],"collection":[{"href":"http:\/\/presi-dent.ee\/fi\/wp-json\/wp\/v2\/pages"}],"about":[{"href":"http:\/\/presi-dent.ee\/fi\/wp-json\/wp\/v2\/types\/page"}],"author":[{"embeddable":true,"href":"http:\/\/presi-dent.ee\/fi\/wp-json\/wp\/v2\/users\/1"}],"replies":[{"embeddable":true,"href":"http:\/\/presi-dent.ee\/fi\/wp-json\/wp\/v2\/comments?post=137"}],"version-history":[{"count":5,"href":"http:\/\/presi-dent.ee\/fi\/wp-json\/wp\/v2\/pages\/137\/revisions"}],"predecessor-version":[{"id":1155,"href":"http:\/\/presi-dent.ee\/fi\/wp-json\/wp\/v2\/pages\/137\/revisions\/1155"}],"wp:attachment":[{"href":"http:\/\/presi-dent.ee\/fi\/wp-json\/wp\/v2\/media?parent=137"}],"curies":[{"name":"wp","href":"https:\/\/api.w.org\/{rel}","templated":true}]}}